{"id":1572,"date":"2021-07-27T13:59:44","date_gmt":"2021-07-27T12:59:44","guid":{"rendered":"https:\/\/zientzia-astea.org\/?page_id=1572"},"modified":"2023-10-09T16:31:35","modified_gmt":"2023-10-09T14:31:35","slug":"que-es-zientzia-astea","status":"publish","type":"page","link":"https:\/\/www.zientzia-astea.eus\/es\/que-es-zientzia-astea\/","title":{"rendered":"\u00bfQu\u00e9 es Zientzia Astea?"},"content":{"rendered":"<p>Zientzia Astea es la Semana de la Ciencia, la Tecnolog\u00eda y la Innovaci\u00f3n que organiza la Universidad del Pa\u00eds Vasco\/Euskal Herriko Unibertsitatea para todas aquellas personas que sientan curiosidad por lo que les rodea, sean j\u00f3venes o mayores, ni\u00f1as, ni\u00f1os o adolescentes, tengan la oportunidad de ver, escuchar, sentir y hablar de ciencia con quienes trabajan d\u00eda a d\u00eda en ella.<\/p>\n<p>Esta edici\u00f3n girar\u00e1 en torno a la \u201cOsasun Planetarioa-Salud Planetaria\u201d (salud y sostenibilidad), ya que la salubridad de las plantas y de los animales est\u00e1 directamente ligada a la salud humana.<\/p>\n<p>Talleres, conferencias, exposiciones, concursos, mon\u00f3logos, salidas, visitas guiadas y mucho m\u00e1s es lo que encontrar\u00e1s en Bizkaia Aretoa de Bilbao, en Tabakalera de Donostia, en el Museo Bibat y la Escuela de Ingenier\u00eda de Vitoria-Gasteiz y en el Centro C\u00edvico Clara Campoamor de Barakaldo, <strong>del 8 al 12 de noviembre<\/strong>, en la XXIII Semana de la Ciencia.<\/p>\n<p>S\u00f3lo necesitamos que vengas con una buena dosis de curiosidad y ganas de pas\u00e1rtelo bien. Te aseguramos que las ciencias te sorprender\u00e1n y que no las volver\u00e1s a mirar de igual forma. Bot\u00e1nica, matem\u00e1ticas, arqueolog\u00eda, astronom\u00eda, actividad f\u00edsica, geolog\u00eda, qu\u00edmica, medioambiente, rob\u00f3tica, historia, ingenier\u00eda, pintura, f\u00edsica, lenguaje, biolog\u00eda\u2026 son s\u00f3lo algunas de las \u00e1reas que podr\u00e1s conocer de cerca y de forma pr\u00e1ctica en Zientzia Astea.<\/p>\n<p>Ven, podr\u00e1s ver y hacer experimentos o con\u00e9ctate, conocer\u00e1s las investigaciones que se hacen aqu\u00ed, muy cerca de tu casa, en la Universidad del Pa\u00eds Vasco\/Euskal Herriko Unibertsitatea. Tendr\u00e1s la oportunidad de charlar con personas que se dedican a la ciencia y a la investigaci\u00f3n, resolver dudas, y aprender. Tengas la edad que tengas, seguro que encontrar\u00e1s algo que te interese y que te sorprenda. No hay excusa.<\/p>\n<p><strong>\u00a1Te esperamos!<\/strong><\/p>","protected":false},"excerpt":{"rendered":"<p>Zientzia Astea es la Semana de la Ciencia, la Tecnolog\u00eda y la Innovaci\u00f3n que organiza la Universidad del Pa\u00eds Vasco\/Euskal Herriko Unibertsitatea para todas aquellas personas que sientan curiosidad por lo que les rodea, sean j\u00f3venes o mayores, ni\u00f1as, ni\u00f1os o adolescentes,<\/p>\n","protected":false},"author":1,"featured_media":0,"parent":0,"menu_order":0,"comment_status":"closed","ping_status":"closed","template":"Full_width.php","meta":[],"_links":{"self":[{"href":"https:\/\/www.zientzia-astea.eus\/es\/wp-json\/wp\/v2\/pages\/1572"}],"collection":[{"href":"https:\/\/www.zientzia-astea.eus\/es\/wp-json\/wp\/v2\/pages"}],"about":[{"href":"https:\/\/www.zientzia-astea.eus\/es\/wp-json\/wp\/v2\/types\/page"}],"author":[{"embeddable":true,"href":"https:\/\/www.zientzia-astea.eus\/es\/wp-json\/wp\/v2\/users\/1"}],"replies":[{"embeddable":true,"href":"https:\/\/www.zientzia-astea.eus\/es\/wp-json\/wp\/v2\/comments?post=1572"}],"version-history":[{"count":15,"href":"https:\/\/www.zientzia-astea.eus\/es\/wp-json\/wp\/v2\/pages\/1572\/revisions"}],"predecessor-version":[{"id":3583,"href":"https:\/\/www.zientzia-astea.eus\/es\/wp-json\/wp\/v2\/pages\/1572\/revisions\/3583"}],"wp:attachment":[{"href":"https:\/\/www.zientzia-astea.eus\/es\/wp-json\/wp\/v2\/media?parent=1572"}],"curies":[{"name":"wp","href":"https:\/\/api.w.org\/{rel}","templated":true}]}}