{"id":1523,"date":"2021-07-23T10:31:07","date_gmt":"2021-07-23T09:31:07","guid":{"rendered":"https:\/\/zientzia-astea.org\/?page_id=1523"},"modified":"2024-03-27T13:00:05","modified_gmt":"2024-03-27T11:00:05","slug":"zientzia-astea-san-sebastian","status":"publish","type":"page","link":"https:\/\/www.zientzia-astea.eus\/es\/zientzia-astea-san-sebastian\/","title":{"rendered":"Zientzia Astea San Sebasti\u00e1n"},"content":{"rendered":"<p><\/p>\n<h2>Del 9 al 11 de noviembre de 2023 en Tabakalera<\/h2>\n<p>Este a\u00f1o el programa de actividades en San Sebasti\u00e1n se desarrollar\u00e1 en el Centro Internacional de Cultura Contempor\u00e1nea Tabakalera, que dar\u00e1 cabida a los txokos cient\u00edficos y ser\u00e1 la sede de los habituales talleres, del espect\u00e1culo cient\u00edfico para las ni\u00f1as y los ni\u00f1os y tambi\u00e9n de Zientzia Club. Ya en la mar, este a\u00f1o pescaremos residuos marinos a bordo del barco Mater.<\/p>\n<div style=\"text-align: center; width: 100%;\">\n<div id=\"text-24\" class=\"widget widget_text\" style=\"text-align: center; max-width: 280px; margin-left: 30%;\">\n<p><a href=\"https:\/\/www.zientzia-astea.eus\/wp-content\/uploads\/2023\/10\/Zientzia-Astea-DONOSTIA-2023.pdf\" target=\"_blank\" rel=\"noopener\">Ver el programa (PDF)<\/a><\/p>\n<\/div>\n<\/div>\n<div class=\"anchor_class\" id=\"anchor_3_1\"><\/div><h3 class=\"titulo_bilbao_stands\">Txokos<\/h3><ul class=\"bilbao_stands\"><li><a href=\"https:\/\/www.zientzia-astea.eus\/es\/schedule\/gipuzkoa-energias-renovables\/\">Energ\u00edas renovables<\/a><\/li><li><a href=\"https:\/\/www.zientzia-astea.eus\/es\/schedule\/gipuzkoa-materialen-munduan-barrena\/\">Explorando el mundo de los materiales<\/a><\/li><li><a href=\"https:\/\/www.zientzia-astea.eus\/es\/schedule\/gipuzkoa-argia-soinua-eta-mugimendua\/\">Luz, sonido y movimiento<\/a><\/li><li><a href=\"https:\/\/www.zientzia-astea.eus\/es\/schedule\/gipuzkoa-motostudent\/\">Motostudent &#8211; Grupo eGIPUZKOA GIE UPV\/EHU<\/a><\/li><li><a href=\"https:\/\/www.zientzia-astea.eus\/es\/schedule\/gipuzkoa-robotica\/\">Rob\u00f3tica<\/a><\/li><li><a href=\"https:\/\/www.zientzia-astea.eus\/es\/schedule\/gipuzkoa-kimika-gara\/\">Somos qu\u00edmica<\/a><\/li><\/ul>\n<div class=\"anchor_class\" id=\"anchor_3_3\"><\/div><h3 class=\"titulo_bilbao_stands\">Talleres<\/h3><ul class=\"bilbao_stands\"><li><a href=\"https:\/\/www.zientzia-astea.eus\/es\/schedule\/gipuzkoa-edificios-saludables-frente-al-cambio-climatico\/\">Edificios saludables frente al cambio clim\u00e1tico<\/a><\/li><li><a href=\"https:\/\/www.zientzia-astea.eus\/es\/schedule\/gipuzkoa-dinosauruen-mundua\/\">El mundo de los dinosaurios<\/a><\/li><li><a href=\"https:\/\/www.zientzia-astea.eus\/es\/schedule\/gipuzkoa-eskalatu-zure-mundua\/\">Escala tu mundo<\/a><\/li><li><a href=\"https:\/\/www.zientzia-astea.eus\/es\/schedule\/gipuzkoa-zure-elektrizitatea-sortzen\/\">Generando tu propia electricidad<\/a><\/li><li><a href=\"https:\/\/www.zientzia-astea.eus\/es\/schedule\/gipuzkoa-seda-un-material-para-sustituirlos-a-todos\/\">Seda: un material para sustituirlos a todos<\/a><\/li><li><a href=\"https:\/\/www.zientzia-astea.eus\/es\/schedule\/gipuzkoa-haurrentzat-esperimentuen-tailerra\/\">Taller de experimentos infantiles<\/a><\/li><\/ul>\n<div class=\"anchor_class\" id=\"anchor_3_4\"><\/div><h3 class=\"titulo_bilbao_stands\">Itinerarios did\u00e1cticos<\/h3><ul class=\"bilbao_stands\"><li><a href=\"https:\/\/www.zientzia-astea.eus\/es\/schedule\/gipuzkoa-herritarren-zientzia-itsas-hondakinen-arrantza\/\">Ciencia ciudadana: pesca de residuos marinos<\/a><\/li><\/ul>\n<div class=\"anchor_class\" id=\"anchor_3_2\"><\/div><h3 class=\"titulo_bilbao_stands\">Conferencias<\/h3><ul class=\"bilbao_stands\"><li><a href=\"https:\/\/www.zientzia-astea.eus\/es\/schedule\/gipuzkoa-unai-basurko\/\">La navegaci\u00f3n a vela: \u00bfciencia, arte o deporte?<\/a><\/li><\/ul>\n<div class=\"anchor_class\" id=\"anchor_3_5\"><\/div><h3 class=\"titulo_bilbao_stands\">Exposici\u00f3n<\/h3><ul class=\"bilbao_stands\"><li><a href=\"https:\/\/www.zientzia-astea.eus\/es\/schedule\/gipuzkoa-geometria-natural\/\">Geometr\u00eda natural<\/a><\/li><li><a href=\"https:\/\/www.zientzia-astea.eus\/es\/schedule\/gipuzkoa-la-upv-ehu-investiga-en-cancer\/\">La UPV\/EHU investiga en c\u00e1ncer<\/a><\/li><li><a href=\"https:\/\/www.zientzia-astea.eus\/es\/schedule\/gipuzkoa-matematicas-para-un-mundo-mejor\/\">Matem\u00e1ticas para un mundo mejor<\/a><\/li><\/ul><div class=\"anchor_class\" id=\"anchor_3_6\"><\/div><h3 class=\"titulo_bilbao_stands\">Espect\u00e1culos<\/h3><ul class=\"bilbao_stands\"><li><a href=\"https:\/\/www.zientzia-astea.eus\/es\/schedule\/gipuzkoa-espectaculo-cientifico\/\">Espect\u00e1culo cient\u00edfico<\/a><\/li><li><a href=\"https:\/\/www.zientzia-astea.eus\/es\/schedule\/gipuzkoa-zientzia-club\/\">Zientzia Club<\/a><\/li><\/ul><\/p>","protected":false},"excerpt":{"rendered":"<p>Del 9 al 11 de noviembre de 2023 en Tabakalera Este a\u00f1o el programa de actividades en San Sebasti\u00e1n se desarrollar\u00e1 en el Centro Internacional de Cultura Contempor\u00e1nea Tabakalera, que dar\u00e1 cabida a los txokos cient\u00edficos y ser\u00e1 la sede de los<\/p>\n","protected":false},"author":1,"featured_media":0,"parent":0,"menu_order":0,"comment_status":"closed","ping_status":"closed","template":"","meta":[],"_links":{"self":[{"href":"https:\/\/www.zientzia-astea.eus\/es\/wp-json\/wp\/v2\/pages\/1523"}],"collection":[{"href":"https:\/\/www.zientzia-astea.eus\/es\/wp-json\/wp\/v2\/pages"}],"about":[{"href":"https:\/\/www.zientzia-astea.eus\/es\/wp-json\/wp\/v2\/types\/page"}],"author":[{"embeddable":true,"href":"https:\/\/www.zientzia-astea.eus\/es\/wp-json\/wp\/v2\/users\/1"}],"replies":[{"embeddable":true,"href":"https:\/\/www.zientzia-astea.eus\/es\/wp-json\/wp\/v2\/comments?post=1523"}],"version-history":[{"count":39,"href":"https:\/\/www.zientzia-astea.eus\/es\/wp-json\/wp\/v2\/pages\/1523\/revisions"}],"predecessor-version":[{"id":3653,"href":"https:\/\/www.zientzia-astea.eus\/es\/wp-json\/wp\/v2\/pages\/1523\/revisions\/3653"}],"wp:attachment":[{"href":"https:\/\/www.zientzia-astea.eus\/es\/wp-json\/wp\/v2\/media?parent=1523"}],"curies":[{"name":"wp","href":"https:\/\/api.w.org\/{rel}","templated":true}]}}