{"id":1521,"date":"2021-07-23T10:30:08","date_gmt":"2021-07-23T09:30:08","guid":{"rendered":"https:\/\/zientzia-astea.org\/?page_id=1521"},"modified":"2024-03-27T13:01:13","modified_gmt":"2024-03-27T11:01:13","slug":"zientzia-astea-vitoria-gasteiz","status":"publish","type":"page","link":"https:\/\/www.zientzia-astea.eus\/es\/zientzia-astea-vitoria-gasteiz\/","title":{"rendered":"Zientzia Astea Vitoria-Gasteiz"},"content":{"rendered":"<p><\/p>\n<h2>Del 9 al 12 de noviembre de 2023 en el Museo Bibat y en Escuela de Ingenier\u00eda de Vitoria-Gasteiz<\/h2>\n<p>M\u00e1s de treinta de actividades para todos los gustos es lo que ofrece Zientzia Astea en Vitoria-Gasteiz. El <strong>museo Bibat<\/strong>, sede de los museos de Arqueolog\u00eda y Fournier de Naipes, acoge este a\u00f1o txokos, conferencias, un espect\u00e1culo cient\u00edfico, una exposici\u00f3n y el ya hist\u00f3rico Zientzia Club, adem\u00e1s de una amplia oferta de talleres. La <strong>Escuela de Ingenier\u00eda de Vitoria-Gasteiz<\/strong> acoge el taller &#8220;<a href=\"https:\/\/www.zientzia-astea.eus\/es\/schedule\/araba-escape-lab-kode-kimikoa\/\">ESCAPE LAB: el c\u00f3digo qu\u00edmico<\/a>&#8220;, el taller &#8220;<a href=\"https:\/\/www.zientzia-astea.eus\/es\/schedule\/araba-observacion-del-cielo-nocturno\/\">Observaci\u00f3n del cielo nocturno<\/a>&#8221; y la exposici\u00f3n &#8220;<a href=\"https:\/\/www.zientzia-astea.eus\/es\/schedule\/araba-zientzia-kalean\/\">Ciencia en la calle<\/a>&#8220;. Disfrutaremos de una visita arqueol\u00f3gica guiada al centro hist\u00f3rico de Durango y de otra destinada a descubrir los edificios rehabilitados con c\u00e1mara termogr\u00e1fica de la capital alavesa.<\/p>\n<div style=\"text-align: center; width: 100%;\">\n<div id=\"text-24\" class=\"widget widget_text\" style=\"text-align: center; max-width: 280px; margin-left: 30%;\">\n<p><a href=\"https:\/\/www.zientzia-astea.eus\/wp-content\/uploads\/2023\/11\/Zientzia-Astea-GASTEIZ-2023.pdf\" target=\"_blank\" rel=\"noopener\">Ver el programa (PDF)<\/a><\/p>\n<\/div>\n<\/div>\n<div class=\"anchor_class\" id=\"anchor_2_1\"><\/div><h3 class=\"titulo_bilbao_stands\">Txokos<\/h3><ul class=\"bilbao_stands\"><li><a href=\"https:\/\/www.zientzia-astea.eus\/es\/schedule\/araba-e-racing-coches-electricos-de-competicion\/\">E-Racing! Coches el\u00e9ctricos de competici\u00f3n<\/a><\/li><li><a href=\"https:\/\/www.zientzia-astea.eus\/es\/schedule\/araba-erizaintza-eskola\/\">Enfermer\u00eda al alcance de todos<\/a><\/li><li><a href=\"https:\/\/www.zientzia-astea.eus\/es\/schedule\/araba-elebilabeko-ikertzaile-egun-batez\/\">Investigador de ELEBILAB por un d\u00eda<\/a><\/li><li><a href=\"https:\/\/www.zientzia-astea.eus\/es\/schedule\/araba-laslab\/\">LASLAB: \u00bfte atreves con el ingl\u00e9s?<\/a><\/li><li><a href=\"https:\/\/www.zientzia-astea.eus\/es\/schedule\/araba-hizkuntzaren-zientzia\/\">La ciencia del lenguaje<\/a><\/li><li><a href=\"https:\/\/www.zientzia-astea.eus\/es\/schedule\/araba-gogo-elebiduna\/\">La mente biling\u00fce<\/a><\/li><li><a href=\"https:\/\/www.zientzia-astea.eus\/es\/schedule\/araba-mikromundua\/\">Micromundo<\/a><\/li><li><a href=\"https:\/\/www.zientzia-astea.eus\/es\/schedule\/araba-tu-basura-te-delata\/\">Tu basura te delata<\/a><\/li><li><a href=\"https:\/\/www.zientzia-astea.eus\/es\/schedule\/araba-motorsport\/\">UPV\/EHU Araba MotorSport<\/a><\/li><li><a href=\"https:\/\/www.zientzia-astea.eus\/es\/schedule\/araba-utilizacion-de-compuestos-naturales-y-bioactivos-en-el-manejo-de-la-obesidad\/\">Utilizaci\u00f3n de compuestos naturales y bioactivos en el manejo de la obesidad<\/a><\/li><\/ul>\n<div class=\"anchor_class\" id=\"anchor_2_3\"><\/div><h3 class=\"titulo_bilbao_stands\">Talleres<\/h3><ul class=\"bilbao_stands\"><li><a href=\"https:\/\/www.zientzia-astea.eus\/es\/schedule\/araba-ciencia-de-la-metrologia-en-la-antiguedad\/\">Ciencia de la metrolog\u00eda en la antig\u00fcedad<\/a><\/li><li><a href=\"https:\/\/www.zientzia-astea.eus\/es\/schedule\/araba-e-racing-vehiculos-electricos-de-competicion\/\">E-Racing! Veh\u00edculos el\u00e9ctricos de competici\u00f3n<\/a><\/li><li><a href=\"https:\/\/www.zientzia-astea.eus\/es\/schedule\/araba-escape-lab-kode-kimikoa\/\">ESCAPE LAB: el c\u00f3digo qu\u00edmico<\/a><\/li><li><a href=\"https:\/\/www.zientzia-astea.eus\/es\/schedule\/araba-escape-lab\/\">ESCAPE LAB: en busca del ant\u00eddoto perdido<\/a><\/li><li><a href=\"https:\/\/www.zientzia-astea.eus\/es\/schedule\/araba-farmaceutico-por-un-dia\/\">Farmac\u00e9utico por un d\u00eda: la importancia de proteger nuestra piel<\/a><\/li><li><a href=\"https:\/\/www.zientzia-astea.eus\/es\/schedule\/araba-linguistica-fantastica\/\">Ling\u00fc\u00edstica fant\u00e1stica: inventa tu propia lengua<\/a><\/li><li><a href=\"https:\/\/www.zientzia-astea.eus\/es\/schedule\/araba-magia-dirudi-fisika-da\/\">Magia parece, f\u00edsica es<\/a><\/li><li><a href=\"https:\/\/www.zientzia-astea.eus\/es\/schedule\/araba-observacion-del-cielo-nocturno\/\">Observaci\u00f3n del cielo nocturno<\/a><\/li><li><a href=\"https:\/\/www.zientzia-astea.eus\/es\/schedule\/gazteiz-reanimacion-cardiopulmonar-y-actuacion-ante-un-atragantamiento-a-ninos-y-adultos\/\">Taller pr\u00e1ctico de reanimaci\u00f3n cardiopulmonar y actuaci\u00f3n ante un atragantamiento a ni\u00f1os y adultos<\/a><\/li><li><a href=\"https:\/\/www.zientzia-astea.eus\/es\/schedule\/taller-vendaje-funcional-de-tobillo-y-muneca\/\">Taller pr\u00e1ctico de vendaje funcional de tobillo y mu\u00f1eca<\/a><\/li><li><a href=\"https:\/\/www.zientzia-astea.eus\/es\/schedule\/araba-zatoz-gurekin-eraikitzera\/\">Ven a construir con nosotros<\/a><\/li><li><a href=\"https:\/\/www.zientzia-astea.eus\/es\/schedule\/araba-zer-hartzen-duzu-askaltzeko\/\">Y t\u00fa, \u00bfqu\u00e9 meriendas?<\/a><\/li><\/ul>\n<div class=\"anchor_class\" id=\"anchor_2_4\"><\/div><h3 class=\"titulo_bilbao_stands\">Itinerarios did\u00e1cticos<\/h3><ul class=\"bilbao_stands\"><li><a href=\"https:\/\/www.zientzia-astea.eus\/es\/schedule\/araba-ruta-termografia-infrarroja-y-rehabilitacion-de-edificios\/\">Ruta termograf\u00eda infrarroja y rehabilitaci\u00f3n de edificios. Descubre los edificios rehabilitados con la c\u00e1mara termogr\u00e1fica<\/a><\/li><li><a href=\"https:\/\/www.zientzia-astea.eus\/es\/schedule\/araba-visita-arqueologica-a-durango\/\">Visita arqueol\u00f3gica a Durango<\/a><\/li><\/ul>\n<div class=\"anchor_class\" id=\"anchor_2_2\"><\/div><h3 class=\"titulo_bilbao_stands\">Conferencias<\/h3><ul class=\"bilbao_stands\"><li><a href=\"https:\/\/www.zientzia-astea.eus\/es\/schedule\/araba-el-cerebro-adulto-una-maquina-predictiva-con-perdidas-y-ganancias\/\">El cerebro adulto: una m\u00e1quina predictiva con p\u00e9rdidas y ganancias<\/a><\/li><li><a href=\"https:\/\/www.zientzia-astea.eus\/es\/schedule\/araba-paisaiaren-arkeologiaren-bidez-mendien-erabilera-jasangarria-historian-zehar-ezagutzen\/\">El uso sostenible e hist\u00f3rico de los montes a trav\u00e9s de la arqueolog\u00eda del paisaje<\/a><\/li><li><a href=\"https:\/\/www.zientzia-astea.eus\/es\/schedule\/araba-motostudent-esperientzia\/\">UPV\/EHU Araba MotorSport: la experiencia MotoStudent<\/a><\/li><li><a href=\"https:\/\/www.zientzia-astea.eus\/es\/schedule\/araba-un-paseo-bajo-las-estrellas\/\">Un paseo bajo las estrellas<\/a><\/li><li><a href=\"https:\/\/www.zientzia-astea.eus\/es\/schedule\/araba-como-envejece-el-cerebro-bilingue\/\">\u00bfC\u00f3mo envejece el cerebro biling\u00fce?<\/a><\/li><\/ul>\n<div class=\"anchor_class\" id=\"anchor_2_5\"><\/div><h3 class=\"titulo_bilbao_stands\">Exposici\u00f3n<\/h3><ul class=\"bilbao_stands\"><li><a href=\"https:\/\/www.zientzia-astea.eus\/es\/schedule\/araba-ingurumen-jardunbide-egokia\/\">Buenas pr\u00e1cticas ambientales<\/a><\/li><li><a href=\"https:\/\/www.zientzia-astea.eus\/es\/schedule\/araba-zientzia-kalean\/\">Ciencia en la calle<\/a><\/li><\/ul><div class=\"anchor_class\" id=\"anchor_2_6\"><\/div><h3 class=\"titulo_bilbao_stands\">Espect\u00e1culos<\/h3><ul class=\"bilbao_stands\"><li><a href=\"https:\/\/www.zientzia-astea.eus\/es\/schedule\/araba-espectaculo-cientifico\/\">Espect\u00e1culo cient\u00edfico<\/a><\/li><li><a href=\"https:\/\/www.zientzia-astea.eus\/es\/schedule\/araba-zientzia-club\/\">Zientzia Club<\/a><\/li><\/ul><\/p>","protected":false},"excerpt":{"rendered":"<p>Del 9 al 12 de noviembre de 2023 en el Museo Bibat y en Escuela de Ingenier\u00eda de Vitoria-Gasteiz M\u00e1s de treinta de actividades para todos los gustos es lo que ofrece Zientzia Astea en Vitoria-Gasteiz. El museo Bibat, sede de los<\/p>\n","protected":false},"author":1,"featured_media":0,"parent":0,"menu_order":0,"comment_status":"closed","ping_status":"closed","template":"","meta":[],"_links":{"self":[{"href":"https:\/\/www.zientzia-astea.eus\/es\/wp-json\/wp\/v2\/pages\/1521"}],"collection":[{"href":"https:\/\/www.zientzia-astea.eus\/es\/wp-json\/wp\/v2\/pages"}],"about":[{"href":"https:\/\/www.zientzia-astea.eus\/es\/wp-json\/wp\/v2\/types\/page"}],"author":[{"embeddable":true,"href":"https:\/\/www.zientzia-astea.eus\/es\/wp-json\/wp\/v2\/users\/1"}],"replies":[{"embeddable":true,"href":"https:\/\/www.zientzia-astea.eus\/es\/wp-json\/wp\/v2\/comments?post=1521"}],"version-history":[{"count":55,"href":"https:\/\/www.zientzia-astea.eus\/es\/wp-json\/wp\/v2\/pages\/1521\/revisions"}],"predecessor-version":[{"id":3654,"href":"https:\/\/www.zientzia-astea.eus\/es\/wp-json\/wp\/v2\/pages\/1521\/revisions\/3654"}],"wp:attachment":[{"href":"https:\/\/www.zientzia-astea.eus\/es\/wp-json\/wp\/v2\/media?parent=1521"}],"curies":[{"name":"wp","href":"https:\/\/api.w.org\/{rel}","templated":true}]}}